{"id":10,"date":"2015-03-12T14:08:01","date_gmt":"2015-03-12T20:08:01","guid":{"rendered":"https:\/\/avada.theme-fusion.com_demos\/lifestyle\/?page_id=10"},"modified":"2021-12-14T15:27:07","modified_gmt":"2021-12-14T21:27:07","slug":"about-us","status":"publish","type":"page","link":"https:\/\/truecolagency.com\/fr\/about-us\/","title":{"rendered":"\u00c0 PROPOS DE NOUS"},"content":{"rendered":"<div class=\"fusion-fullwidth fullwidth-box fusion-builder-row-1 fusion-flex-container nonhundred-percent-fullwidth non-hundred-percent-height-scrolling\" style=\"background-color: #f9f9f9;background-position: left top;background-repeat: no-repeat;border-width: 0px 0px 0px 0px;border-color:#eae9e9;border-style:solid;\" ><div class=\"fusion-builder-row fusion-row fusion-flex-align-items-flex-start\" style=\"max-width:1216.8px;margin-left: calc(-4% \/ 2 );margin-right: calc(-4% \/ 2 );\"><div class=\"fusion-layout-column fusion_builder_column fusion-builder-column-0 fusion_builder_column_1_1 1_1 fusion-flex-column\"><div class=\"fusion-column-wrapper fusion-flex-justify-content-flex-start fusion-content-layout-column\" style=\"background-position:left top;background-repeat:no-repeat;-webkit-background-size:cover;-moz-background-size:cover;-o-background-size:cover;background-size:cover;padding: 0px 0px 0px 0px;\"><div class=\"fusion-text fusion-text-1\"><h2 style=\"font-size: 48px;\">True Colors Agency: nous sommes des entreprises innovantes.<\/h2>\n<h3><strong>Notre organisation repose sur trois principes fondamentaux :<\/strong><\/h3>\n<p><strong>Nos gens, respect et d\u00e9vouement au client<em>.<\/em><\/strong><\/p>\n<p>Gr\u00e2ce \u00e0 nos principes commerciaux, nous avons pu \u00e9tablir un mod\u00e8le de conseil id\u00e9al qui s&#039;articule autour d&#039;une culture qui valorise les contributions de chaque membre de l&#039;\u00e9quipe ainsi que le travail commun que nous pouvons faire. Nous aimons notre travail et aimons collaborer avec nos clients de mani\u00e8re digne afin de proposer des solutions innovantes et personnalis\u00e9es aux organisations, quelle que soit leur taille.<\/p>\n<p><strong>Nous vous guiderons vers la croissance de votre entreprise<\/strong><\/p>\n<p><strong>Travailler avec un cabinet de conseil ne doit pas \u00eatre difficile. Nous faciliterons le processus avec :<\/strong><\/p>\n<ul>\n<li>Une vision horizontale pour vous offrir notre collaboration et notre sagesse en r\u00e9solution de conflits.<\/li>\n<li>Un \u00e9quilibre parfait entre les comp\u00e9tences technologiques et les pratiques commerciales.<\/li>\n<li>Un large \u00e9ventail de talents de notre personnel.<\/li>\n<li>S\u00e9rieux et honn\u00eatet\u00e9 objective en termes de budgets et d\u00e9lais de livraison.<\/li>\n<li>Sensibilit\u00e9 et dynamique de travail saine.<\/li>\n<\/ul>\n<p><strong>Nous donnons la priorit\u00e9 \u00e0 l&#039;efficace pour r\u00e9aliser l&#039;extraordinaire.<\/strong><\/p>\n<h3><strong>Nos croyances<\/strong><\/h3>\n<p>Nous croyons aux individus qui se mettent au d\u00e9fi de surmonter leurs obstacles de la mani\u00e8re la plus exceptionnelle.<\/p>\n<h3><strong>Ce que nous faisons<\/strong><\/h3>\n<p>Nous entretenons des relations \u00e9troites avec les entrepreneurs du monde entier, qui viennent \u00e0 nous pour trouver des solutions aux probl\u00e8mes auxquels ils sont confront\u00e9s en tant qu&#039;industrie. Notre approche nous permet de structurer et d&#039;organiser des projets qui montrent les r\u00e9sultats souhait\u00e9s.<\/p>\n<h3><strong>Notre peuple<\/strong><\/h3>\n<p><strong>Une culture du d\u00e9vouement au client<\/strong><\/p>\n<p>Nos employ\u00e9s nous disent chaque jour que travailler avec nous est diff\u00e9rent des autres soci\u00e9t\u00e9s de conseil aux entreprises et de marketing num\u00e9rique. La culture du d\u00e9vouement envers le client ainsi que notre transparence et notre personnel passionn\u00e9 sont ce qui nous rend diff\u00e9rents.<\/p>\n<p><strong>Diversit\u00e9, \u00e9quit\u00e9 et inclusion<\/strong><\/p>\n<p>Nous accompagnons nos clients et leur fournissons les outils pour percevoir et consid\u00e9rer diff\u00e9rents points de vue et diff\u00e9rentes opinions pour int\u00e9grer les meilleurs projets possibles.<\/p>\n<p><a href=\"https:\/\/truecolagency.com\/fr\/contact-us\/\">Nous contacter<\/a> pour d\u00e9couvrir comment notre \u00e9quipe peut vous aider \u00e0 atteindre les objectifs de votre organisation.<\/p>\n<\/div><\/div><style type=\"text\/css\">.fusion-body .fusion-builder-column-0{width:100% !important;margin-top : 0px;margin-bottom : 0px;}.fusion-builder-column-0 > .fusion-column-wrapper {padding-top : 0px !important;padding-right : 0px !important;margin-right : 1.92%;padding-bottom : 0px !important;padding-left : 0px !important;margin-left : 1.92%;}@media only screen and (max-width:800px) {.fusion-body .fusion-builder-column-0{width:100% !important;}.fusion-builder-column-0 > .fusion-column-wrapper {margin-right : 1.92%;margin-left : 1.92%;}}@media only screen and (max-width:640px) {.fusion-body .fusion-builder-column-0{width:100% !important;}.fusion-builder-column-0 > .fusion-column-wrapper {margin-right : 1.92%;margin-left : 1.92%;}}<\/style><\/div><\/div><style type=\"text\/css\">.fusion-body .fusion-flex-container.fusion-builder-row-1{ padding-top : 110px;margin-top : 0px;padding-right : 0px;padding-bottom : 110px;margin-bottom : 0px;padding-left : 0px;}<\/style><\/div>","protected":false},"excerpt":{"rendered":"","protected":false},"author":3,"featured_media":0,"parent":0,"menu_order":0,"comment_status":"closed","ping_status":"closed","template":"100-width.php","meta":{"footnotes":""},"class_list":["post-10","page","type-page","status-publish","hentry"],"_links":{"self":[{"href":"https:\/\/truecolagency.com\/fr\/wp-json\/wp\/v2\/pages\/10","targetHints":{"allow":["GET"]}}],"collection":[{"href":"https:\/\/truecolagency.com\/fr\/wp-json\/wp\/v2\/pages"}],"about":[{"href":"https:\/\/truecolagency.com\/fr\/wp-json\/wp\/v2\/types\/page"}],"author":[{"embeddable":true,"href":"https:\/\/truecolagency.com\/fr\/wp-json\/wp\/v2\/users\/3"}],"replies":[{"embeddable":true,"href":"https:\/\/truecolagency.com\/fr\/wp-json\/wp\/v2\/comments?post=10"}],"version-history":[{"count":10,"href":"https:\/\/truecolagency.com\/fr\/wp-json\/wp\/v2\/pages\/10\/revisions"}],"predecessor-version":[{"id":823,"href":"https:\/\/truecolagency.com\/fr\/wp-json\/wp\/v2\/pages\/10\/revisions\/823"}],"wp:attachment":[{"href":"https:\/\/truecolagency.com\/fr\/wp-json\/wp\/v2\/media?parent=10"}],"curies":[{"name":"wp","href":"https:\/\/api.w.org\/{rel}","templated":true}]}}